{"id":161,"date":"2018-11-21T09:01:07","date_gmt":"2018-11-21T09:01:07","guid":{"rendered":"https:\/\/flycam-media.com\/?page_id=161"},"modified":"2024-02-29T16:54:12","modified_gmt":"2024-02-29T16:54:12","slug":"drohnen_film_mallorca","status":"publish","type":"page","link":"https:\/\/flycam-media.com\/es\/drohnen_film_mallorca","title":{"rendered":"SOBRE NOSOTROS"},"content":{"rendered":"<p><\/p>\n<p class=\"p2\">Flycam Media ofrece desde 2011 servicios profesionales de fotograf\u00eda, pel\u00edcula y multic\u00f3ptero en Mallorca y toda Europa.<\/p>\n<p class=\"p2\">Produzca de manera flexible y econ\u00f3mica con un equipo competente de confianza que tambi\u00e9n habla su idioma.<\/p>\n<p><!--more--><\/p>\n<p class=\"p3\">Ahorre gastos de viaje y transporte y benef\u00edciese de nuestro conocimiento local y nuestra red de proveedores locales de servicios profesionales para la preparaci\u00f3n de la producci\u00f3n. Trabajamos junto con Location Scouts, que se encargan con mucho gusto del permiso de rodaje, alquileres de equipos de luz y filmaci\u00f3n, as\u00ed como con agencias de casting para actores o modelos.<\/p>\n<p>Tambi\u00e9n tenemos experiencia en diversos formatos y producciones TV por lo que estamos a su disposici\u00f3n como equipo de ENG con c\u00e1maras Sony FX9 o FX3 propias. A petici\u00f3n se pueden organizar otros modelos de c\u00e1mara sin problemas. Pregunte por nuestras tarifas de equipo ENG sin compromiso.<\/p>\n<p><img loading=\"lazy\" decoding=\"async\" class=\"size-full wp-image-196\" src=\"https:\/\/flycam-media.com\/wp-content\/uploads\/2018\/11\/Strandinterview.jpg\" alt=\"E B Team Mallorca Flycam Media Filmproduktion mUlticopter Luftaufnahmen Sony Fs5 Fs7 Ronin MX Steadycam Operator\" width=\"1576\" height=\"583\" srcset=\"https:\/\/flycam-media.com\/wp-content\/uploads\/2018\/11\/Strandinterview.jpg 1576w, https:\/\/flycam-media.com\/wp-content\/uploads\/2018\/11\/Strandinterview-300x111.jpg 300w, https:\/\/flycam-media.com\/wp-content\/uploads\/2018\/11\/Strandinterview-768x284.jpg 768w, https:\/\/flycam-media.com\/wp-content\/uploads\/2018\/11\/Strandinterview-1024x379.jpg 1024w\" sizes=\"(max-width: 706px) 89vw, (max-width: 767px) 82vw, 740px\" \/><\/p>\n<p>Como operador UAV certificado por la AESA con licencia espa\u00f1ola adem\u00e1s le podemos ofrecer grabaciones a\u00e9reas profesionales y sobre todo legales.<\/p>\n<p>Ya sea un quadcopter compacto o Heavylifter con c\u00e1mara de formato compelto \u2013 nosotros volamos para usted. Tambi\u00e9n se pueden realizar v\u00eddeos 8K VR 360 mediante una Insta360 PRO.<\/p>\n<p>\u00a1<a href=\"https:\/\/flycam-media.com\/kontakt\">Cont\u00e1ctenos<\/a>!<\/p>","protected":false},"excerpt":{"rendered":"<p>Disculpa, pero esta entrada est\u00e1 disponible s\u00f3lo en Alem\u00e1n.<\/p>\n","protected":false},"author":1,"featured_media":190,"parent":0,"menu_order":2,"comment_status":"closed","ping_status":"closed","template":"","meta":{"footnotes":""},"yoast_head":"<!-- This site is optimized with the Yoast SEO plugin v18.1 - https:\/\/yoast.com\/wordpress\/plugins\/seo\/ -->\n<title>Flycam Media Mallorca - Sobre NostrosFlycam Media Mallorca - Sobre Nostros<\/title>\n<meta name=\"description\" content=\"Flycam Media ofrece servicios profesionales de fotograf\u00eda, pel\u00edcula y multic\u00f3ptero en Mallorca y toda Europa. Produzca de manera flexible y econ\u00f3mica con un equipo competente de confianza.Flycam Media ofrece servicios profesionales de fotograf\u00eda, pel\u00edcula y multic\u00f3ptero en Mallorca y toda Europa. Produzca de manera flexible y econ\u00f3mica con un equipo competente de confianza.\" \/>\n<meta name=\"robots\" content=\"index, follow, max-snippet:-1, max-image-preview:large, max-video-preview:-1\" \/>\n<link rel=\"canonical\" href=\"https:\/\/flycam-media.com\/drohnen_film_mallorca\" \/>\n<meta property=\"og:locale\" content=\"es_ES\" \/>\n<meta property=\"og:type\" content=\"article\" \/>\n<meta property=\"og:title\" content=\"[:de][:es]Flycam Media Mallorca - Sobre Nostros[:][:es]Flycam Media Mallorca - Sobre Nostros[:]\" \/>\n<meta property=\"og:description\" content=\"{:de}Flycam Media bietet seit 2011 professionelle EB-Team, TV- und Filmproduktion, Fotografie und Multicopter Services auf Mallorca und in ganz Europa an.{:en}Flycam Media realisiert seit 2011 Film und Foto Produktionen auf Mallorca. Mit unserer grossen Erfahrung mit Multicoptern sind wir f\u00fcr jede Produktion gewappnet.Flycam Media realisiert seit 2011 Film und Foto Produktionen auf Mallorca. Mit unserer grossen Erfahrung mit Multicoptern sind wir f\u00fcr jede Produktion gewappnet.{:es}Flycam Media ofrece servicios profesionales de fotograf\u00eda, pel\u00edcula y multic\u00f3ptero en Mallorca y toda Europa. Produzca de manera flexible y econ\u00f3mica con un equipo competente de confianza.Flycam Media ofrece servicios profesionales de fotograf\u00eda, pel\u00edcula y multic\u00f3ptero en Mallorca y toda Europa. Produzca de manera flexible y econ\u00f3mica con un equipo competente de confianza.{:}\" \/>\n<meta property=\"og:url\" content=\"https:\/\/flycam-media.com\/drohnen_film_mallorca\" \/>\n<meta property=\"og:site_name\" content=\"Flycam Media Mallorca\" \/>\n<meta property=\"article:publisher\" content=\"https:\/\/de-de.facebook.com\/flycammediaservice\/\" \/>\n<meta property=\"article:modified_time\" content=\"2024-02-29T16:54:12+00:00\" \/>\n<meta property=\"og:image\" content=\"https:\/\/flycam-media.com\/wp-content\/uploads\/2018\/11\/Banner-7-ABOUT-1024x614.png\" \/>\n\t<meta property=\"og:image:width\" content=\"1024\" \/>\n\t<meta property=\"og:image:height\" content=\"614\" \/>\n\t<meta property=\"og:image:type\" content=\"image\/png\" \/>\n<meta name=\"twitter:card\" content=\"summary_large_image\" \/>\n<meta name=\"twitter:label1\" content=\"Tiempo de lectura\" \/>\n\t<meta name=\"twitter:data1\" content=\"4 minutos\" \/>\n<script type=\"application\/ld+json\" class=\"yoast-schema-graph\">{\"@context\":\"https:\/\/schema.org\",\"@graph\":[{\"@type\":\"Organization\",\"@id\":\"https:\/\/flycam-media.com\/#organization\",\"name\":\"Flycam Media Mallorca\",\"url\":\"https:\/\/flycam-media.com\/\",\"sameAs\":[\"https:\/\/de-de.facebook.com\/flycammediaservice\/\",\"https:\/\/www.instagram.com\/flycam_media_mallorca\/\"],\"logo\":{\"@type\":\"ImageObject\",\"@id\":\"https:\/\/flycam-media.com\/#logo\",\"inLanguage\":\"es\",\"url\":\"https:\/\/flycam-media.com\/wp-content\/uploads\/2018\/11\/fly_only.png\",\"contentUrl\":\"https:\/\/flycam-media.com\/wp-content\/uploads\/2018\/11\/fly_only.png\",\"width\":850,\"height\":850,\"caption\":\"Flycam Media Mallorca\"},\"image\":{\"@id\":\"https:\/\/flycam-media.com\/#logo\"}},{\"@type\":\"WebSite\",\"@id\":\"https:\/\/flycam-media.com\/#website\",\"url\":\"https:\/\/flycam-media.com\/\",\"name\":\"Flycam Media Film Production Mallorca\",\"description\":\"PHOTO, FILM AND AERIAL PRODUCTIONS\",\"publisher\":{\"@id\":\"https:\/\/flycam-media.com\/#organization\"},\"potentialAction\":[{\"@type\":\"SearchAction\",\"target\":{\"@type\":\"EntryPoint\",\"urlTemplate\":\"https:\/\/flycam-media.com\/?s={search_term_string}\"},\"query-input\":\"required name=search_term_string\"}],\"inLanguage\":\"es\"},{\"@type\":\"ImageObject\",\"@id\":\"https:\/\/flycam-media.com\/drohnen_film_mallorca#primaryimage\",\"inLanguage\":\"es\",\"url\":\"https:\/\/flycam-media.com\/wp-content\/uploads\/2018\/11\/Banner-7-ABOUT.png\",\"contentUrl\":\"https:\/\/flycam-media.com\/wp-content\/uploads\/2018\/11\/Banner-7-ABOUT.png\",\"width\":2000,\"height\":1200,\"caption\":\"Flycam Media Mallorca Heavylift Multicopter Drohnen Services Filmproduktion, Fotograf DJI M600\"},{\"@type\":\"WebPage\",\"@id\":\"https:\/\/flycam-media.com\/drohnen_film_mallorca#webpage\",\"url\":\"https:\/\/flycam-media.com\/drohnen_film_mallorca\",\"name\":\"[:de][:es]Flycam Media Mallorca - Sobre Nostros[:][:es]Flycam Media Mallorca - Sobre Nostros[:]\",\"isPartOf\":{\"@id\":\"https:\/\/flycam-media.com\/#website\"},\"primaryImageOfPage\":{\"@id\":\"https:\/\/flycam-media.com\/drohnen_film_mallorca#primaryimage\"},\"datePublished\":\"2018-11-21T09:01:07+00:00\",\"dateModified\":\"2024-02-29T16:54:12+00:00\",\"description\":\"{:de}Flycam Media bietet seit 2011 professionelle EB-Team, TV- und Filmproduktion, Fotografie und Multicopter Services auf Mallorca und in ganz Europa an.{:en}Flycam Media realisiert seit 2011 Film und Foto Produktionen auf Mallorca. Mit unserer grossen Erfahrung mit Multicoptern sind wir f\u00fcr jede Produktion gewappnet.Flycam Media realisiert seit 2011 Film und Foto Produktionen auf Mallorca. Mit unserer grossen Erfahrung mit Multicoptern sind wir f\u00fcr jede Produktion gewappnet.{:es}Flycam Media ofrece servicios profesionales de fotograf\u00eda, pel\u00edcula y multic\u00f3ptero en Mallorca y toda Europa. Produzca de manera flexible y econ\u00f3mica con un equipo competente de confianza.Flycam Media ofrece servicios profesionales de fotograf\u00eda, pel\u00edcula y multic\u00f3ptero en Mallorca y toda Europa. Produzca de manera flexible y econ\u00f3mica con un equipo competente de confianza.{:}\",\"breadcrumb\":{\"@id\":\"https:\/\/flycam-media.com\/drohnen_film_mallorca#breadcrumb\"},\"inLanguage\":\"es\",\"potentialAction\":[{\"@type\":\"ReadAction\",\"target\":[\"https:\/\/flycam-media.com\/drohnen_film_mallorca\"]}]},{\"@type\":\"BreadcrumbList\",\"@id\":\"https:\/\/flycam-media.com\/drohnen_film_mallorca#breadcrumb\",\"itemListElement\":[{\"@type\":\"ListItem\",\"position\":1,\"name\":\"Startseite\",\"item\":\"https:\/\/flycam-media.com\/\"},{\"@type\":\"ListItem\",\"position\":2,\"name\":\"\u00dcBER UNS\"}]}]}<\/script>\n<!-- \/ Yoast SEO plugin. -->","yoast_head_json":{"title":"Flycam Media Mallorca - Sobre NostrosFlycam Media Mallorca - Sobre Nostros","description":"Flycam Media ofrece servicios profesionales de fotograf\u00eda, pel\u00edcula y multic\u00f3ptero en Mallorca y toda Europa. Produzca de manera flexible y econ\u00f3mica con un equipo competente de confianza.Flycam Media ofrece servicios profesionales de fotograf\u00eda, pel\u00edcula y multic\u00f3ptero en Mallorca y toda Europa. Produzca de manera flexible y econ\u00f3mica con un equipo competente de confianza.","robots":{"index":"index","follow":"follow","max-snippet":"max-snippet:-1","max-image-preview":"max-image-preview:large","max-video-preview":"max-video-preview:-1"},"canonical":"https:\/\/flycam-media.com\/drohnen_film_mallorca","og_locale":"es_ES","og_type":"article","og_title":"[:de][:es]Flycam Media Mallorca - Sobre Nostros[:][:es]Flycam Media Mallorca - Sobre Nostros[:]","og_description":"{:de}Flycam Media bietet seit 2011 professionelle EB-Team, TV- und Filmproduktion, Fotografie und Multicopter Services auf Mallorca und in ganz Europa an.{:en}Flycam Media realisiert seit 2011 Film und Foto Produktionen auf Mallorca. Mit unserer grossen Erfahrung mit Multicoptern sind wir f\u00fcr jede Produktion gewappnet.Flycam Media realisiert seit 2011 Film und Foto Produktionen auf Mallorca. Mit unserer grossen Erfahrung mit Multicoptern sind wir f\u00fcr jede Produktion gewappnet.{:es}Flycam Media ofrece servicios profesionales de fotograf\u00eda, pel\u00edcula y multic\u00f3ptero en Mallorca y toda Europa. Produzca de manera flexible y econ\u00f3mica con un equipo competente de confianza.Flycam Media ofrece servicios profesionales de fotograf\u00eda, pel\u00edcula y multic\u00f3ptero en Mallorca y toda Europa. Produzca de manera flexible y econ\u00f3mica con un equipo competente de confianza.{:}","og_url":"https:\/\/flycam-media.com\/drohnen_film_mallorca","og_site_name":"Flycam Media Mallorca","article_publisher":"https:\/\/de-de.facebook.com\/flycammediaservice\/","article_modified_time":"2024-02-29T16:54:12+00:00","og_image":[{"width":1024,"height":614,"url":"https:\/\/flycam-media.com\/wp-content\/uploads\/2018\/11\/Banner-7-ABOUT-1024x614.png","type":"image\/png"}],"twitter_card":"summary_large_image","twitter_misc":{"Tiempo de lectura":"4 minutos"},"schema":{"@context":"https:\/\/schema.org","@graph":[{"@type":"Organization","@id":"https:\/\/flycam-media.com\/#organization","name":"Flycam Media Mallorca","url":"https:\/\/flycam-media.com\/","sameAs":["https:\/\/de-de.facebook.com\/flycammediaservice\/","https:\/\/www.instagram.com\/flycam_media_mallorca\/"],"logo":{"@type":"ImageObject","@id":"https:\/\/flycam-media.com\/#logo","inLanguage":"es","url":"https:\/\/flycam-media.com\/wp-content\/uploads\/2018\/11\/fly_only.png","contentUrl":"https:\/\/flycam-media.com\/wp-content\/uploads\/2018\/11\/fly_only.png","width":850,"height":850,"caption":"Flycam Media Mallorca"},"image":{"@id":"https:\/\/flycam-media.com\/#logo"}},{"@type":"WebSite","@id":"https:\/\/flycam-media.com\/#website","url":"https:\/\/flycam-media.com\/","name":"Flycam Media Film Production Mallorca","description":"PHOTO, FILM AND AERIAL PRODUCTIONS","publisher":{"@id":"https:\/\/flycam-media.com\/#organization"},"potentialAction":[{"@type":"SearchAction","target":{"@type":"EntryPoint","urlTemplate":"https:\/\/flycam-media.com\/?s={search_term_string}"},"query-input":"required name=search_term_string"}],"inLanguage":"es"},{"@type":"ImageObject","@id":"https:\/\/flycam-media.com\/drohnen_film_mallorca#primaryimage","inLanguage":"es","url":"https:\/\/flycam-media.com\/wp-content\/uploads\/2018\/11\/Banner-7-ABOUT.png","contentUrl":"https:\/\/flycam-media.com\/wp-content\/uploads\/2018\/11\/Banner-7-ABOUT.png","width":2000,"height":1200,"caption":"Flycam Media Mallorca Heavylift Multicopter Drohnen Services Filmproduktion, Fotograf DJI M600"},{"@type":"WebPage","@id":"https:\/\/flycam-media.com\/drohnen_film_mallorca#webpage","url":"https:\/\/flycam-media.com\/drohnen_film_mallorca","name":"[:de][:es]Flycam Media Mallorca - Sobre Nostros[:][:es]Flycam Media Mallorca - Sobre Nostros[:]","isPartOf":{"@id":"https:\/\/flycam-media.com\/#website"},"primaryImageOfPage":{"@id":"https:\/\/flycam-media.com\/drohnen_film_mallorca#primaryimage"},"datePublished":"2018-11-21T09:01:07+00:00","dateModified":"2024-02-29T16:54:12+00:00","description":"{:de}Flycam Media bietet seit 2011 professionelle EB-Team, TV- und Filmproduktion, Fotografie und Multicopter Services auf Mallorca und in ganz Europa an.{:en}Flycam Media realisiert seit 2011 Film und Foto Produktionen auf Mallorca. Mit unserer grossen Erfahrung mit Multicoptern sind wir f\u00fcr jede Produktion gewappnet.Flycam Media realisiert seit 2011 Film und Foto Produktionen auf Mallorca. Mit unserer grossen Erfahrung mit Multicoptern sind wir f\u00fcr jede Produktion gewappnet.{:es}Flycam Media ofrece servicios profesionales de fotograf\u00eda, pel\u00edcula y multic\u00f3ptero en Mallorca y toda Europa. Produzca de manera flexible y econ\u00f3mica con un equipo competente de confianza.Flycam Media ofrece servicios profesionales de fotograf\u00eda, pel\u00edcula y multic\u00f3ptero en Mallorca y toda Europa. Produzca de manera flexible y econ\u00f3mica con un equipo competente de confianza.{:}","breadcrumb":{"@id":"https:\/\/flycam-media.com\/drohnen_film_mallorca#breadcrumb"},"inLanguage":"es","potentialAction":[{"@type":"ReadAction","target":["https:\/\/flycam-media.com\/drohnen_film_mallorca"]}]},{"@type":"BreadcrumbList","@id":"https:\/\/flycam-media.com\/drohnen_film_mallorca#breadcrumb","itemListElement":[{"@type":"ListItem","position":1,"name":"Startseite","item":"https:\/\/flycam-media.com\/"},{"@type":"ListItem","position":2,"name":"\u00dcBER UNS"}]}]}},"_links":{"self":[{"href":"https:\/\/flycam-media.com\/es\/wp-json\/wp\/v2\/pages\/161"}],"collection":[{"href":"https:\/\/flycam-media.com\/es\/wp-json\/wp\/v2\/pages"}],"about":[{"href":"https:\/\/flycam-media.com\/es\/wp-json\/wp\/v2\/types\/page"}],"author":[{"embeddable":true,"href":"https:\/\/flycam-media.com\/es\/wp-json\/wp\/v2\/users\/1"}],"replies":[{"embeddable":true,"href":"https:\/\/flycam-media.com\/es\/wp-json\/wp\/v2\/comments?post=161"}],"version-history":[{"count":28,"href":"https:\/\/flycam-media.com\/es\/wp-json\/wp\/v2\/pages\/161\/revisions"}],"predecessor-version":[{"id":622,"href":"https:\/\/flycam-media.com\/es\/wp-json\/wp\/v2\/pages\/161\/revisions\/622"}],"wp:featuredmedia":[{"embeddable":true,"href":"https:\/\/flycam-media.com\/es\/wp-json\/wp\/v2\/media\/190"}],"wp:attachment":[{"href":"https:\/\/flycam-media.com\/es\/wp-json\/wp\/v2\/media?parent=161"}],"curies":[{"name":"wp","href":"https:\/\/api.w.org\/{rel}","templated":true}]}}