{"id":15,"date":"2018-11-20T15:45:48","date_gmt":"2018-11-20T15:45:48","guid":{"rendered":"https:\/\/flycam-media.com\/?page_id=15"},"modified":"2024-02-29T19:51:58","modified_gmt":"2024-02-29T19:51:58","slug":"filmproduktion_mallorca","status":"publish","type":"page","link":"https:\/\/flycam-media.com\/es\/filmproduktion_mallorca","title":{"rendered":"PRODUCCI\u00d3N AUDIOVISUAL"},"content":{"rendered":"<p>\u00a1Grabamos con mucho gusto! Desde el aire, el hombro, card\u00e1n, sobre un slider, desde el coche, sobre o dentro del agua y a veces con un tr\u00edpode.<\/p>\n<p>En consideraci\u00f3n de su presupuesto y los requisitos t\u00e9cnicos, sacamos lo mejor de cada producci\u00f3n.<\/p>\n<p><!--more--><br \/>\nCon nuestros socios locales estamos preparados para casi cualquier desaf\u00edo. Aprenda m\u00e1s <a href=\"https:\/\/flycam-media.com\/es\/drohnen_film_mallorca\">sobre nosotros<\/a>.<\/p>\n<p>\u00a1<a href=\"https:\/\/flycam-media.com\/kontakt\">Cont\u00e1ctenos<\/a> para m\u00e1s informaci\u00f3n!<\/p>\n<div style=\"padding: 56.25% 0 0 0; position: relative;\"><iframe style=\"position: absolute; top: 0; left: 0; width: 100%; height: 100%;\" src=\"https:\/\/player.vimeo.com\/video\/682997870?title=0&amp;byline=0&amp;portrait=0\" frameborder=\"0\" allowfullscreen=\"allowfullscreen\"><\/iframe><\/div>\n<div><\/div>\n<div style=\"padding: 56.25% 0 0 0; position: relative;\"><iframe style=\"position: absolute; top: 0; left: 0; width: 100%; height: 100%;\" src=\"https:\/\/player.vimeo.com\/video\/269065586?title=0&amp;byline=0&amp;portrait=0\" frameborder=\"0\" allowfullscreen=\"allowfullscreen\"><\/iframe><\/div>\n<div><\/div>\n<div style=\"padding: 56.25% 0 0 0; position: relative;\"><iframe style=\"position: absolute; top: 0; left: 0; width: 100%; height: 100%;\" src=\"https:\/\/player.vimeo.com\/video\/886349660?h=d7de04a849title=0&amp;byline=0&amp;portrait=0\" frameborder=\"0\" allowfullscreen=\"allowfullscreen\"><\/iframe><\/div>\n<div><\/div>\n<div style=\"padding: 56.25% 0 0 0; position: relative;\"><iframe style=\"position: absolute; top: 0; left: 0; width: 100%; height: 100%;\" src=\"https:\/\/player.vimeo.com\/video\/327442808?title=0&amp;byline=0&amp;portrait=0\" frameborder=\"0\" allowfullscreen=\"allowfullscreen\"><\/iframe><\/div>\n<div><\/div>\n<div><\/div>\n<div style=\"padding: 38.85% 0 0 0; position: relative;\"><iframe style=\"position: absolute; top: 0; left: 0; width: 100%; height: 100%;\" src=\"https:\/\/player.vimeo.com\/video\/176420491?title=0&amp;byline=0&amp;portrait=0\" frameborder=\"0\" allowfullscreen=\"allowfullscreen\"><\/iframe><\/div>\n<div><\/div>\n<div><\/div>\n<div style=\"padding: 56.25% 0 0 0; position: relative;\"><iframe style=\"position: absolute; top: 0; left: 0; width: 100%; height: 100%;\" src=\"https:\/\/player.vimeo.com\/video\/176835771?title=0&amp;byline=0&amp;portrait=0\" frameborder=\"0\" allowfullscreen=\"allowfullscreen\"><\/iframe><\/div>\n<div><\/div>\n<div><\/div>\n<div style=\"padding: 56.25% 0 0 0; position: relative;\"><iframe style=\"position: absolute; top: 0; left: 0; width: 100%; height: 100%;\" src=\"https:\/\/player.vimeo.com\/video\/160616888?title=0&amp;byline=0&amp;portrait=0\" frameborder=\"0\" allowfullscreen=\"allowfullscreen\"><\/iframe><\/div>\n<div><\/div>\n<div><\/div>\n<div style=\"padding: 56.25% 0 0 0; position: relative;\"><iframe loading=\"lazy\" style=\"position: absolute; top: 0; left: 0; width: 100%; height: 100%;\" src=\"\/\/player.vimeo.com\/video\/185703587?title=0&amp;amp;byline=0\" width=\"425\" height=\"350\" frameborder=\"0\" allowfullscreen=\"allowfullscreen\" data-mce-fragment=\"1\"><\/iframe><\/div>","protected":false},"excerpt":{"rendered":"<p>Disculpa, pero esta entrada est\u00e1 disponible s\u00f3lo en Alem\u00e1n.<\/p>\n","protected":false},"author":1,"featured_media":550,"parent":0,"menu_order":3,"comment_status":"closed","ping_status":"closed","template":"","meta":{"footnotes":""},"yoast_head":"<!-- This site is optimized with the Yoast SEO plugin v18.1 - https:\/\/yoast.com\/wordpress\/plugins\/seo\/ -->\n<title>PRODUCCI\u00d3N AUDIOVISUAL &amp; MULTICOPTER Servicio PRODUCCI\u00d3N AUDIOVISUAL &amp; MULTICOPTER Servicio<\/title>\n<meta name=\"description\" content=\"En consideraci\u00f3n de su presupuesto y los requisitos t\u00e9cnicos, sacamos lo mejor de cada producci\u00f3n.\u00a1Cont\u00e1ctenos para m\u00e1s informaci\u00f3n!\" \/>\n<meta name=\"robots\" content=\"index, follow, max-snippet:-1, max-image-preview:large, max-video-preview:-1\" \/>\n<link rel=\"canonical\" href=\"https:\/\/flycam-media.com\/filmproduktion_mallorca\" \/>\n<meta property=\"og:locale\" content=\"es_ES\" \/>\n<meta property=\"og:type\" content=\"article\" \/>\n<meta property=\"og:title\" content=\"[:de][:de]PRODUCCI\u00d3N AUDIOVISUAL &amp; MULTICOPTER PRODUKTION - Flycam Media Mallorca [:en]PRODUCCI\u00d3N AUDIOVISUAL &amp; MULTICOPTER PRODUKTION - Flycam Media Mallorca [:es]PRODUCCI\u00d3N AUDIOVISUAL &amp; MULTICOPTER Servicio [:][:en]PRODUCCI\u00d3N AUDIOVISUAL &amp; MULTICOPTER PRODUKTION - Flycam Media Mallorca[:es]PRODUCCI\u00d3N AUDIOVISUAL &amp; MULTICOPTER Servicio [:]\" \/>\n<meta property=\"og:description\" content=\"{:de}Flycam Media Film Produktion ist Ihr zuverl\u00e4ssiger Partner auf Mallorca f\u00fcr Dreharbeiten aller Art. Ob Drohnenfl\u00fcge f\u00fcr hochwertige Luftaufnahmen oder EB Kamera Team - Kontaktieren Sie uns!{:en}Flycam Media Film Produktion ist Ihr zuverl\u00e4ssiger Partner auf Mallorca f\u00fcr Dreharbeiten aller Art. Ob Drohnenfl\u00fcge f\u00fcr hochwertige Luftaufnahmen oder EB Kamera Team - Kontaktieren Sie uns!{:es}En consideraci\u00f3n de su presupuesto y los requisitos t\u00e9cnicos, sacamos lo mejor de cada producci\u00f3n.\u00a1Cont\u00e1ctenos para m\u00e1s informaci\u00f3n!{:}\" \/>\n<meta property=\"og:url\" content=\"https:\/\/flycam-media.com\/filmproduktion_mallorca\" \/>\n<meta property=\"og:site_name\" content=\"Flycam Media Mallorca\" \/>\n<meta property=\"article:publisher\" content=\"https:\/\/de-de.facebook.com\/flycammediaservice\/\" \/>\n<meta property=\"article:modified_time\" content=\"2024-02-29T19:51:58+00:00\" \/>\n<meta property=\"og:image\" content=\"https:\/\/flycam-media.com\/wp-content\/uploads\/2021\/04\/Banner-4-Film-NEU-1024x614.png\" \/>\n\t<meta property=\"og:image:width\" content=\"1024\" \/>\n\t<meta property=\"og:image:height\" content=\"614\" \/>\n\t<meta property=\"og:image:type\" content=\"image\/png\" \/>\n<meta name=\"twitter:card\" content=\"summary_large_image\" \/>\n<meta name=\"twitter:label1\" content=\"Tiempo de lectura\" \/>\n\t<meta name=\"twitter:data1\" content=\"1 minuto\" \/>\n<script type=\"application\/ld+json\" class=\"yoast-schema-graph\">{\"@context\":\"https:\/\/schema.org\",\"@graph\":[{\"@type\":\"Organization\",\"@id\":\"https:\/\/flycam-media.com\/#organization\",\"name\":\"Flycam Media Mallorca\",\"url\":\"https:\/\/flycam-media.com\/\",\"sameAs\":[\"https:\/\/de-de.facebook.com\/flycammediaservice\/\",\"https:\/\/www.instagram.com\/flycam_media_mallorca\/\"],\"logo\":{\"@type\":\"ImageObject\",\"@id\":\"https:\/\/flycam-media.com\/#logo\",\"inLanguage\":\"es\",\"url\":\"https:\/\/flycam-media.com\/wp-content\/uploads\/2018\/11\/fly_only.png\",\"contentUrl\":\"https:\/\/flycam-media.com\/wp-content\/uploads\/2018\/11\/fly_only.png\",\"width\":850,\"height\":850,\"caption\":\"Flycam Media Mallorca\"},\"image\":{\"@id\":\"https:\/\/flycam-media.com\/#logo\"}},{\"@type\":\"WebSite\",\"@id\":\"https:\/\/flycam-media.com\/#website\",\"url\":\"https:\/\/flycam-media.com\/\",\"name\":\"Flycam Media Film Production Mallorca\",\"description\":\"PHOTO, FILM AND AERIAL PRODUCTIONS\",\"publisher\":{\"@id\":\"https:\/\/flycam-media.com\/#organization\"},\"potentialAction\":[{\"@type\":\"SearchAction\",\"target\":{\"@type\":\"EntryPoint\",\"urlTemplate\":\"https:\/\/flycam-media.com\/?s={search_term_string}\"},\"query-input\":\"required name=search_term_string\"}],\"inLanguage\":\"es\"},{\"@type\":\"ImageObject\",\"@id\":\"https:\/\/flycam-media.com\/filmproduktion_mallorca#primaryimage\",\"inLanguage\":\"es\",\"url\":\"https:\/\/flycam-media.com\/wp-content\/uploads\/2021\/04\/Banner-4-Film-NEU.png\",\"contentUrl\":\"https:\/\/flycam-media.com\/wp-content\/uploads\/2021\/04\/Banner-4-Film-NEU.png\",\"width\":2000,\"height\":1200},{\"@type\":\"WebPage\",\"@id\":\"https:\/\/flycam-media.com\/filmproduktion_mallorca#webpage\",\"url\":\"https:\/\/flycam-media.com\/filmproduktion_mallorca\",\"name\":\"[:de][:de]PRODUCCI\u00d3N AUDIOVISUAL & MULTICOPTER PRODUKTION - Flycam Media Mallorca [:en]PRODUCCI\u00d3N AUDIOVISUAL & MULTICOPTER PRODUKTION - Flycam Media Mallorca [:es]PRODUCCI\u00d3N AUDIOVISUAL & MULTICOPTER Servicio [:][:en]PRODUCCI\u00d3N AUDIOVISUAL & MULTICOPTER PRODUKTION - Flycam Media Mallorca[:es]PRODUCCI\u00d3N AUDIOVISUAL & MULTICOPTER Servicio [:]\",\"isPartOf\":{\"@id\":\"https:\/\/flycam-media.com\/#website\"},\"primaryImageOfPage\":{\"@id\":\"https:\/\/flycam-media.com\/filmproduktion_mallorca#primaryimage\"},\"datePublished\":\"2018-11-20T15:45:48+00:00\",\"dateModified\":\"2024-02-29T19:51:58+00:00\",\"description\":\"{:de}Flycam Media Film Produktion ist Ihr zuverl\u00e4ssiger Partner auf Mallorca f\u00fcr Dreharbeiten aller Art. Ob Drohnenfl\u00fcge f\u00fcr hochwertige Luftaufnahmen oder EB Kamera Team - Kontaktieren Sie uns!{:en}Flycam Media Film Produktion ist Ihr zuverl\u00e4ssiger Partner auf Mallorca f\u00fcr Dreharbeiten aller Art. Ob Drohnenfl\u00fcge f\u00fcr hochwertige Luftaufnahmen oder EB Kamera Team - Kontaktieren Sie uns!{:es}En consideraci\u00f3n de su presupuesto y los requisitos t\u00e9cnicos, sacamos lo mejor de cada producci\u00f3n.\u00a1Cont\u00e1ctenos para m\u00e1s informaci\u00f3n!{:}\",\"breadcrumb\":{\"@id\":\"https:\/\/flycam-media.com\/filmproduktion_mallorca#breadcrumb\"},\"inLanguage\":\"es\",\"potentialAction\":[{\"@type\":\"ReadAction\",\"target\":[\"https:\/\/flycam-media.com\/filmproduktion_mallorca\"]}]},{\"@type\":\"BreadcrumbList\",\"@id\":\"https:\/\/flycam-media.com\/filmproduktion_mallorca#breadcrumb\",\"itemListElement\":[{\"@type\":\"ListItem\",\"position\":1,\"name\":\"Startseite\",\"item\":\"https:\/\/flycam-media.com\/\"},{\"@type\":\"ListItem\",\"position\":2,\"name\":\"FILM PRODUKTION\"}]}]}<\/script>\n<!-- \/ Yoast SEO plugin. -->","yoast_head_json":{"title":"PRODUCCI\u00d3N AUDIOVISUAL & MULTICOPTER Servicio PRODUCCI\u00d3N AUDIOVISUAL & MULTICOPTER Servicio","description":"En consideraci\u00f3n de su presupuesto y los requisitos t\u00e9cnicos, sacamos lo mejor de cada producci\u00f3n.\u00a1Cont\u00e1ctenos para m\u00e1s informaci\u00f3n!","robots":{"index":"index","follow":"follow","max-snippet":"max-snippet:-1","max-image-preview":"max-image-preview:large","max-video-preview":"max-video-preview:-1"},"canonical":"https:\/\/flycam-media.com\/filmproduktion_mallorca","og_locale":"es_ES","og_type":"article","og_title":"[:de][:de]PRODUCCI\u00d3N AUDIOVISUAL & MULTICOPTER PRODUKTION - Flycam Media Mallorca [:en]PRODUCCI\u00d3N AUDIOVISUAL & MULTICOPTER PRODUKTION - Flycam Media Mallorca [:es]PRODUCCI\u00d3N AUDIOVISUAL & MULTICOPTER Servicio [:][:en]PRODUCCI\u00d3N AUDIOVISUAL & MULTICOPTER PRODUKTION - Flycam Media Mallorca[:es]PRODUCCI\u00d3N AUDIOVISUAL & MULTICOPTER Servicio [:]","og_description":"{:de}Flycam Media Film Produktion ist Ihr zuverl\u00e4ssiger Partner auf Mallorca f\u00fcr Dreharbeiten aller Art. Ob Drohnenfl\u00fcge f\u00fcr hochwertige Luftaufnahmen oder EB Kamera Team - Kontaktieren Sie uns!{:en}Flycam Media Film Produktion ist Ihr zuverl\u00e4ssiger Partner auf Mallorca f\u00fcr Dreharbeiten aller Art. Ob Drohnenfl\u00fcge f\u00fcr hochwertige Luftaufnahmen oder EB Kamera Team - Kontaktieren Sie uns!{:es}En consideraci\u00f3n de su presupuesto y los requisitos t\u00e9cnicos, sacamos lo mejor de cada producci\u00f3n.\u00a1Cont\u00e1ctenos para m\u00e1s informaci\u00f3n!{:}","og_url":"https:\/\/flycam-media.com\/filmproduktion_mallorca","og_site_name":"Flycam Media Mallorca","article_publisher":"https:\/\/de-de.facebook.com\/flycammediaservice\/","article_modified_time":"2024-02-29T19:51:58+00:00","og_image":[{"width":1024,"height":614,"url":"https:\/\/flycam-media.com\/wp-content\/uploads\/2021\/04\/Banner-4-Film-NEU-1024x614.png","type":"image\/png"}],"twitter_card":"summary_large_image","twitter_misc":{"Tiempo de lectura":"1 minuto"},"schema":{"@context":"https:\/\/schema.org","@graph":[{"@type":"Organization","@id":"https:\/\/flycam-media.com\/#organization","name":"Flycam Media Mallorca","url":"https:\/\/flycam-media.com\/","sameAs":["https:\/\/de-de.facebook.com\/flycammediaservice\/","https:\/\/www.instagram.com\/flycam_media_mallorca\/"],"logo":{"@type":"ImageObject","@id":"https:\/\/flycam-media.com\/#logo","inLanguage":"es","url":"https:\/\/flycam-media.com\/wp-content\/uploads\/2018\/11\/fly_only.png","contentUrl":"https:\/\/flycam-media.com\/wp-content\/uploads\/2018\/11\/fly_only.png","width":850,"height":850,"caption":"Flycam Media Mallorca"},"image":{"@id":"https:\/\/flycam-media.com\/#logo"}},{"@type":"WebSite","@id":"https:\/\/flycam-media.com\/#website","url":"https:\/\/flycam-media.com\/","name":"Flycam Media Film Production Mallorca","description":"PHOTO, FILM AND AERIAL PRODUCTIONS","publisher":{"@id":"https:\/\/flycam-media.com\/#organization"},"potentialAction":[{"@type":"SearchAction","target":{"@type":"EntryPoint","urlTemplate":"https:\/\/flycam-media.com\/?s={search_term_string}"},"query-input":"required name=search_term_string"}],"inLanguage":"es"},{"@type":"ImageObject","@id":"https:\/\/flycam-media.com\/filmproduktion_mallorca#primaryimage","inLanguage":"es","url":"https:\/\/flycam-media.com\/wp-content\/uploads\/2021\/04\/Banner-4-Film-NEU.png","contentUrl":"https:\/\/flycam-media.com\/wp-content\/uploads\/2021\/04\/Banner-4-Film-NEU.png","width":2000,"height":1200},{"@type":"WebPage","@id":"https:\/\/flycam-media.com\/filmproduktion_mallorca#webpage","url":"https:\/\/flycam-media.com\/filmproduktion_mallorca","name":"[:de][:de]PRODUCCI\u00d3N AUDIOVISUAL & MULTICOPTER PRODUKTION - Flycam Media Mallorca [:en]PRODUCCI\u00d3N AUDIOVISUAL & MULTICOPTER PRODUKTION - Flycam Media Mallorca [:es]PRODUCCI\u00d3N AUDIOVISUAL & MULTICOPTER Servicio [:][:en]PRODUCCI\u00d3N AUDIOVISUAL & MULTICOPTER PRODUKTION - Flycam Media Mallorca[:es]PRODUCCI\u00d3N AUDIOVISUAL & MULTICOPTER Servicio [:]","isPartOf":{"@id":"https:\/\/flycam-media.com\/#website"},"primaryImageOfPage":{"@id":"https:\/\/flycam-media.com\/filmproduktion_mallorca#primaryimage"},"datePublished":"2018-11-20T15:45:48+00:00","dateModified":"2024-02-29T19:51:58+00:00","description":"{:de}Flycam Media Film Produktion ist Ihr zuverl\u00e4ssiger Partner auf Mallorca f\u00fcr Dreharbeiten aller Art. Ob Drohnenfl\u00fcge f\u00fcr hochwertige Luftaufnahmen oder EB Kamera Team - Kontaktieren Sie uns!{:en}Flycam Media Film Produktion ist Ihr zuverl\u00e4ssiger Partner auf Mallorca f\u00fcr Dreharbeiten aller Art. Ob Drohnenfl\u00fcge f\u00fcr hochwertige Luftaufnahmen oder EB Kamera Team - Kontaktieren Sie uns!{:es}En consideraci\u00f3n de su presupuesto y los requisitos t\u00e9cnicos, sacamos lo mejor de cada producci\u00f3n.\u00a1Cont\u00e1ctenos para m\u00e1s informaci\u00f3n!{:}","breadcrumb":{"@id":"https:\/\/flycam-media.com\/filmproduktion_mallorca#breadcrumb"},"inLanguage":"es","potentialAction":[{"@type":"ReadAction","target":["https:\/\/flycam-media.com\/filmproduktion_mallorca"]}]},{"@type":"BreadcrumbList","@id":"https:\/\/flycam-media.com\/filmproduktion_mallorca#breadcrumb","itemListElement":[{"@type":"ListItem","position":1,"name":"Startseite","item":"https:\/\/flycam-media.com\/"},{"@type":"ListItem","position":2,"name":"FILM PRODUKTION"}]}]}},"_links":{"self":[{"href":"https:\/\/flycam-media.com\/es\/wp-json\/wp\/v2\/pages\/15"}],"collection":[{"href":"https:\/\/flycam-media.com\/es\/wp-json\/wp\/v2\/pages"}],"about":[{"href":"https:\/\/flycam-media.com\/es\/wp-json\/wp\/v2\/types\/page"}],"author":[{"embeddable":true,"href":"https:\/\/flycam-media.com\/es\/wp-json\/wp\/v2\/users\/1"}],"replies":[{"embeddable":true,"href":"https:\/\/flycam-media.com\/es\/wp-json\/wp\/v2\/comments?post=15"}],"version-history":[{"count":77,"href":"https:\/\/flycam-media.com\/es\/wp-json\/wp\/v2\/pages\/15\/revisions"}],"predecessor-version":[{"id":634,"href":"https:\/\/flycam-media.com\/es\/wp-json\/wp\/v2\/pages\/15\/revisions\/634"}],"wp:featuredmedia":[{"embeddable":true,"href":"https:\/\/flycam-media.com\/es\/wp-json\/wp\/v2\/media\/550"}],"wp:attachment":[{"href":"https:\/\/flycam-media.com\/es\/wp-json\/wp\/v2\/media?parent=15"}],"curies":[{"name":"wp","href":"https:\/\/api.w.org\/{rel}","templated":true}]}}