{"id":161,"date":"2018-11-21T09:01:07","date_gmt":"2018-11-21T09:01:07","guid":{"rendered":"https:\/\/flycam-media.com\/?page_id=161"},"modified":"2024-02-29T16:54:12","modified_gmt":"2024-02-29T16:54:12","slug":"drohnen_film_mallorca","status":"publish","type":"page","link":"https:\/\/flycam-media.com\/en\/drohnen_film_mallorca","title":{"rendered":"About us"},"content":{"rendered":"<p>Since 2011 Flycam\u00a0 Media offers professional photo, film and multicopter services in mallorca and the rest of europe.<\/p>\n<p>We produce flexible and economical with a reliable\u00a0 team which speaks also your language.<\/p>\n<p><!--more--><\/p>\n<p>Save travel and transport expenses and profit\u00a0 from our\u00a0local knowledge and our network of local service providers.<\/p>\n<p>We work together with location scouts which organise all permits, model and actor agencies\u00a0 as well as rental companies for film, photo and light equipment.<\/p>\n<p>As an rehearsed eb team with experience in different TV formats and footage productions we provide our service with Sony Fx9 and FX3 cameras. Other cameras we can organise on request. Ask for our eb team pricelist.<\/p>\n<p><img loading=\"lazy\" decoding=\"async\" class=\"size-full wp-image-196\" src=\"https:\/\/flycam-media.com\/wp-content\/uploads\/2018\/11\/Strandinterview.jpg\" alt=\"E B Team Mallorca Flycam Media Filmproduktion mUlticopter Luftaufnahmen Sony Fs5 Fs7 Ronin MX Steadycam Operator\" width=\"1576\" height=\"583\" srcset=\"https:\/\/flycam-media.com\/wp-content\/uploads\/2018\/11\/Strandinterview.jpg 1576w, https:\/\/flycam-media.com\/wp-content\/uploads\/2018\/11\/Strandinterview-300x111.jpg 300w, https:\/\/flycam-media.com\/wp-content\/uploads\/2018\/11\/Strandinterview-768x284.jpg 768w, https:\/\/flycam-media.com\/wp-content\/uploads\/2018\/11\/Strandinterview-1024x379.jpg 1024w\" sizes=\"(max-width: 706px) 89vw, (max-width: 767px) 82vw, 740px\" \/><\/p>\n<p>As an AESA certified UAV operator with a spanisch pilot license we can provide professional\u00a0 and legal aerial footage.<\/p>\n<p>With our heavylift hexacopter we can lift full format cameras like RED, ARRI Alexa Mini, Sony Fx3. Also a setup for aerial VR360 with a Insta360 Pro for example\u00a0 is possible.<\/p>\n<p>For smaller budgets or tight spaces we also got compact quadrocopters like DJI Mini 4 Pro.<\/p>\n<p><a href=\"https:\/\/flycam-media.com\/kontakt\">Contact us<\/a>\u00a0and ask for our possibilities!<\/p>","protected":false},"excerpt":{"rendered":"<p>Sorry, this entry is only available in German.<\/p>\n","protected":false},"author":1,"featured_media":190,"parent":0,"menu_order":2,"comment_status":"closed","ping_status":"closed","template":"","meta":{"footnotes":""},"yoast_head":"<!-- This site is optimized with the Yoast SEO plugin v18.1 - https:\/\/yoast.com\/wordpress\/plugins\/seo\/ -->\n<title>(Espa\u00f1ol) Flycam Media Mallorca - Sobre NostrosFlycam Media Mallorca - Sobre Nostros<\/title>\n<meta name=\"description\" content=\"Flycam Media realisiert seit 2011 Film und Foto Produktionen auf Mallorca. Mit unserer grossen Erfahrung mit Multicoptern sind wir f\u00fcr jede Produktion gewappnet.Flycam Media realisiert seit 2011 Film und Foto Produktionen auf Mallorca. Mit unserer grossen Erfahrung mit Multicoptern sind wir f\u00fcr jede Produktion gewappnet.\" \/>\n<meta name=\"robots\" content=\"index, follow, max-snippet:-1, max-image-preview:large, max-video-preview:-1\" \/>\n<link rel=\"canonical\" href=\"https:\/\/flycam-media.com\/drohnen_film_mallorca\" \/>\n<meta property=\"og:locale\" content=\"en_US\" \/>\n<meta property=\"og:type\" content=\"article\" \/>\n<meta property=\"og:title\" content=\"[:de][:es]Flycam Media Mallorca - Sobre Nostros[:][:es]Flycam Media Mallorca - Sobre Nostros[:]\" \/>\n<meta property=\"og:description\" content=\"{:de}Flycam Media bietet seit 2011 professionelle EB-Team, TV- und Filmproduktion, Fotografie und Multicopter Services auf Mallorca und in ganz Europa an.{:en}Flycam Media realisiert seit 2011 Film und Foto Produktionen auf Mallorca. Mit unserer grossen Erfahrung mit Multicoptern sind wir f\u00fcr jede Produktion gewappnet.Flycam Media realisiert seit 2011 Film und Foto Produktionen auf Mallorca. Mit unserer grossen Erfahrung mit Multicoptern sind wir f\u00fcr jede Produktion gewappnet.{:es}Flycam Media ofrece servicios profesionales de fotograf\u00eda, pel\u00edcula y multic\u00f3ptero en Mallorca y toda Europa. Produzca de manera flexible y econ\u00f3mica con un equipo competente de confianza.Flycam Media ofrece servicios profesionales de fotograf\u00eda, pel\u00edcula y multic\u00f3ptero en Mallorca y toda Europa. Produzca de manera flexible y econ\u00f3mica con un equipo competente de confianza.{:}\" \/>\n<meta property=\"og:url\" content=\"https:\/\/flycam-media.com\/drohnen_film_mallorca\" \/>\n<meta property=\"og:site_name\" content=\"Flycam Media Mallorca\" \/>\n<meta property=\"article:publisher\" content=\"https:\/\/de-de.facebook.com\/flycammediaservice\/\" \/>\n<meta property=\"article:modified_time\" content=\"2024-02-29T16:54:12+00:00\" \/>\n<meta property=\"og:image\" content=\"https:\/\/flycam-media.com\/wp-content\/uploads\/2018\/11\/Banner-7-ABOUT-1024x614.png\" \/>\n\t<meta property=\"og:image:width\" content=\"1024\" \/>\n\t<meta property=\"og:image:height\" content=\"614\" \/>\n\t<meta property=\"og:image:type\" content=\"image\/png\" \/>\n<meta name=\"twitter:card\" content=\"summary_large_image\" \/>\n<meta name=\"twitter:label1\" content=\"Est. reading time\" \/>\n\t<meta name=\"twitter:data1\" content=\"4 minutes\" \/>\n<script type=\"application\/ld+json\" class=\"yoast-schema-graph\">{\"@context\":\"https:\/\/schema.org\",\"@graph\":[{\"@type\":\"Organization\",\"@id\":\"https:\/\/flycam-media.com\/#organization\",\"name\":\"Flycam Media Mallorca\",\"url\":\"https:\/\/flycam-media.com\/\",\"sameAs\":[\"https:\/\/de-de.facebook.com\/flycammediaservice\/\",\"https:\/\/www.instagram.com\/flycam_media_mallorca\/\"],\"logo\":{\"@type\":\"ImageObject\",\"@id\":\"https:\/\/flycam-media.com\/#logo\",\"inLanguage\":\"en-US\",\"url\":\"https:\/\/flycam-media.com\/wp-content\/uploads\/2018\/11\/fly_only.png\",\"contentUrl\":\"https:\/\/flycam-media.com\/wp-content\/uploads\/2018\/11\/fly_only.png\",\"width\":850,\"height\":850,\"caption\":\"Flycam Media Mallorca\"},\"image\":{\"@id\":\"https:\/\/flycam-media.com\/#logo\"}},{\"@type\":\"WebSite\",\"@id\":\"https:\/\/flycam-media.com\/#website\",\"url\":\"https:\/\/flycam-media.com\/\",\"name\":\"Flycam Media Film Production Mallorca\",\"description\":\"PHOTO, FILM AND AERIAL PRODUCTIONS\",\"publisher\":{\"@id\":\"https:\/\/flycam-media.com\/#organization\"},\"potentialAction\":[{\"@type\":\"SearchAction\",\"target\":{\"@type\":\"EntryPoint\",\"urlTemplate\":\"https:\/\/flycam-media.com\/?s={search_term_string}\"},\"query-input\":\"required name=search_term_string\"}],\"inLanguage\":\"en-US\"},{\"@type\":\"ImageObject\",\"@id\":\"https:\/\/flycam-media.com\/drohnen_film_mallorca#primaryimage\",\"inLanguage\":\"en-US\",\"url\":\"https:\/\/flycam-media.com\/wp-content\/uploads\/2018\/11\/Banner-7-ABOUT.png\",\"contentUrl\":\"https:\/\/flycam-media.com\/wp-content\/uploads\/2018\/11\/Banner-7-ABOUT.png\",\"width\":2000,\"height\":1200,\"caption\":\"Flycam Media Mallorca Heavylift Multicopter Drohnen Services Filmproduktion, Fotograf DJI M600\"},{\"@type\":\"WebPage\",\"@id\":\"https:\/\/flycam-media.com\/drohnen_film_mallorca#webpage\",\"url\":\"https:\/\/flycam-media.com\/drohnen_film_mallorca\",\"name\":\"[:de][:es]Flycam Media Mallorca - Sobre Nostros[:][:es]Flycam Media Mallorca - Sobre Nostros[:]\",\"isPartOf\":{\"@id\":\"https:\/\/flycam-media.com\/#website\"},\"primaryImageOfPage\":{\"@id\":\"https:\/\/flycam-media.com\/drohnen_film_mallorca#primaryimage\"},\"datePublished\":\"2018-11-21T09:01:07+00:00\",\"dateModified\":\"2024-02-29T16:54:12+00:00\",\"description\":\"{:de}Flycam Media bietet seit 2011 professionelle EB-Team, TV- und Filmproduktion, Fotografie und Multicopter Services auf Mallorca und in ganz Europa an.{:en}Flycam Media realisiert seit 2011 Film und Foto Produktionen auf Mallorca. Mit unserer grossen Erfahrung mit Multicoptern sind wir f\u00fcr jede Produktion gewappnet.Flycam Media realisiert seit 2011 Film und Foto Produktionen auf Mallorca. Mit unserer grossen Erfahrung mit Multicoptern sind wir f\u00fcr jede Produktion gewappnet.{:es}Flycam Media ofrece servicios profesionales de fotograf\u00eda, pel\u00edcula y multic\u00f3ptero en Mallorca y toda Europa. Produzca de manera flexible y econ\u00f3mica con un equipo competente de confianza.Flycam Media ofrece servicios profesionales de fotograf\u00eda, pel\u00edcula y multic\u00f3ptero en Mallorca y toda Europa. Produzca de manera flexible y econ\u00f3mica con un equipo competente de confianza.{:}\",\"breadcrumb\":{\"@id\":\"https:\/\/flycam-media.com\/drohnen_film_mallorca#breadcrumb\"},\"inLanguage\":\"en-US\",\"potentialAction\":[{\"@type\":\"ReadAction\",\"target\":[\"https:\/\/flycam-media.com\/drohnen_film_mallorca\"]}]},{\"@type\":\"BreadcrumbList\",\"@id\":\"https:\/\/flycam-media.com\/drohnen_film_mallorca#breadcrumb\",\"itemListElement\":[{\"@type\":\"ListItem\",\"position\":1,\"name\":\"Startseite\",\"item\":\"https:\/\/flycam-media.com\/\"},{\"@type\":\"ListItem\",\"position\":2,\"name\":\"\u00dcBER UNS\"}]}]}<\/script>\n<!-- \/ Yoast SEO plugin. -->","yoast_head_json":{"title":"(Espa\u00f1ol) Flycam Media Mallorca - Sobre NostrosFlycam Media Mallorca - Sobre Nostros","description":"Flycam Media realisiert seit 2011 Film und Foto Produktionen auf Mallorca. Mit unserer grossen Erfahrung mit Multicoptern sind wir f\u00fcr jede Produktion gewappnet.Flycam Media realisiert seit 2011 Film und Foto Produktionen auf Mallorca. Mit unserer grossen Erfahrung mit Multicoptern sind wir f\u00fcr jede Produktion gewappnet.","robots":{"index":"index","follow":"follow","max-snippet":"max-snippet:-1","max-image-preview":"max-image-preview:large","max-video-preview":"max-video-preview:-1"},"canonical":"https:\/\/flycam-media.com\/drohnen_film_mallorca","og_locale":"en_US","og_type":"article","og_title":"[:de][:es]Flycam Media Mallorca - Sobre Nostros[:][:es]Flycam Media Mallorca - Sobre Nostros[:]","og_description":"{:de}Flycam Media bietet seit 2011 professionelle EB-Team, TV- und Filmproduktion, Fotografie und Multicopter Services auf Mallorca und in ganz Europa an.{:en}Flycam Media realisiert seit 2011 Film und Foto Produktionen auf Mallorca. Mit unserer grossen Erfahrung mit Multicoptern sind wir f\u00fcr jede Produktion gewappnet.Flycam Media realisiert seit 2011 Film und Foto Produktionen auf Mallorca. Mit unserer grossen Erfahrung mit Multicoptern sind wir f\u00fcr jede Produktion gewappnet.{:es}Flycam Media ofrece servicios profesionales de fotograf\u00eda, pel\u00edcula y multic\u00f3ptero en Mallorca y toda Europa. Produzca de manera flexible y econ\u00f3mica con un equipo competente de confianza.Flycam Media ofrece servicios profesionales de fotograf\u00eda, pel\u00edcula y multic\u00f3ptero en Mallorca y toda Europa. Produzca de manera flexible y econ\u00f3mica con un equipo competente de confianza.{:}","og_url":"https:\/\/flycam-media.com\/drohnen_film_mallorca","og_site_name":"Flycam Media Mallorca","article_publisher":"https:\/\/de-de.facebook.com\/flycammediaservice\/","article_modified_time":"2024-02-29T16:54:12+00:00","og_image":[{"width":1024,"height":614,"url":"https:\/\/flycam-media.com\/wp-content\/uploads\/2018\/11\/Banner-7-ABOUT-1024x614.png","type":"image\/png"}],"twitter_card":"summary_large_image","twitter_misc":{"Est. reading time":"4 minutes"},"schema":{"@context":"https:\/\/schema.org","@graph":[{"@type":"Organization","@id":"https:\/\/flycam-media.com\/#organization","name":"Flycam Media Mallorca","url":"https:\/\/flycam-media.com\/","sameAs":["https:\/\/de-de.facebook.com\/flycammediaservice\/","https:\/\/www.instagram.com\/flycam_media_mallorca\/"],"logo":{"@type":"ImageObject","@id":"https:\/\/flycam-media.com\/#logo","inLanguage":"en-US","url":"https:\/\/flycam-media.com\/wp-content\/uploads\/2018\/11\/fly_only.png","contentUrl":"https:\/\/flycam-media.com\/wp-content\/uploads\/2018\/11\/fly_only.png","width":850,"height":850,"caption":"Flycam Media Mallorca"},"image":{"@id":"https:\/\/flycam-media.com\/#logo"}},{"@type":"WebSite","@id":"https:\/\/flycam-media.com\/#website","url":"https:\/\/flycam-media.com\/","name":"Flycam Media Film Production Mallorca","description":"PHOTO, FILM AND AERIAL PRODUCTIONS","publisher":{"@id":"https:\/\/flycam-media.com\/#organization"},"potentialAction":[{"@type":"SearchAction","target":{"@type":"EntryPoint","urlTemplate":"https:\/\/flycam-media.com\/?s={search_term_string}"},"query-input":"required name=search_term_string"}],"inLanguage":"en-US"},{"@type":"ImageObject","@id":"https:\/\/flycam-media.com\/drohnen_film_mallorca#primaryimage","inLanguage":"en-US","url":"https:\/\/flycam-media.com\/wp-content\/uploads\/2018\/11\/Banner-7-ABOUT.png","contentUrl":"https:\/\/flycam-media.com\/wp-content\/uploads\/2018\/11\/Banner-7-ABOUT.png","width":2000,"height":1200,"caption":"Flycam Media Mallorca Heavylift Multicopter Drohnen Services Filmproduktion, Fotograf DJI M600"},{"@type":"WebPage","@id":"https:\/\/flycam-media.com\/drohnen_film_mallorca#webpage","url":"https:\/\/flycam-media.com\/drohnen_film_mallorca","name":"[:de][:es]Flycam Media Mallorca - Sobre Nostros[:][:es]Flycam Media Mallorca - Sobre Nostros[:]","isPartOf":{"@id":"https:\/\/flycam-media.com\/#website"},"primaryImageOfPage":{"@id":"https:\/\/flycam-media.com\/drohnen_film_mallorca#primaryimage"},"datePublished":"2018-11-21T09:01:07+00:00","dateModified":"2024-02-29T16:54:12+00:00","description":"{:de}Flycam Media bietet seit 2011 professionelle EB-Team, TV- und Filmproduktion, Fotografie und Multicopter Services auf Mallorca und in ganz Europa an.{:en}Flycam Media realisiert seit 2011 Film und Foto Produktionen auf Mallorca. Mit unserer grossen Erfahrung mit Multicoptern sind wir f\u00fcr jede Produktion gewappnet.Flycam Media realisiert seit 2011 Film und Foto Produktionen auf Mallorca. Mit unserer grossen Erfahrung mit Multicoptern sind wir f\u00fcr jede Produktion gewappnet.{:es}Flycam Media ofrece servicios profesionales de fotograf\u00eda, pel\u00edcula y multic\u00f3ptero en Mallorca y toda Europa. Produzca de manera flexible y econ\u00f3mica con un equipo competente de confianza.Flycam Media ofrece servicios profesionales de fotograf\u00eda, pel\u00edcula y multic\u00f3ptero en Mallorca y toda Europa. Produzca de manera flexible y econ\u00f3mica con un equipo competente de confianza.{:}","breadcrumb":{"@id":"https:\/\/flycam-media.com\/drohnen_film_mallorca#breadcrumb"},"inLanguage":"en-US","potentialAction":[{"@type":"ReadAction","target":["https:\/\/flycam-media.com\/drohnen_film_mallorca"]}]},{"@type":"BreadcrumbList","@id":"https:\/\/flycam-media.com\/drohnen_film_mallorca#breadcrumb","itemListElement":[{"@type":"ListItem","position":1,"name":"Startseite","item":"https:\/\/flycam-media.com\/"},{"@type":"ListItem","position":2,"name":"\u00dcBER UNS"}]}]}},"_links":{"self":[{"href":"https:\/\/flycam-media.com\/en\/wp-json\/wp\/v2\/pages\/161"}],"collection":[{"href":"https:\/\/flycam-media.com\/en\/wp-json\/wp\/v2\/pages"}],"about":[{"href":"https:\/\/flycam-media.com\/en\/wp-json\/wp\/v2\/types\/page"}],"author":[{"embeddable":true,"href":"https:\/\/flycam-media.com\/en\/wp-json\/wp\/v2\/users\/1"}],"replies":[{"embeddable":true,"href":"https:\/\/flycam-media.com\/en\/wp-json\/wp\/v2\/comments?post=161"}],"version-history":[{"count":28,"href":"https:\/\/flycam-media.com\/en\/wp-json\/wp\/v2\/pages\/161\/revisions"}],"predecessor-version":[{"id":622,"href":"https:\/\/flycam-media.com\/en\/wp-json\/wp\/v2\/pages\/161\/revisions\/622"}],"wp:featuredmedia":[{"embeddable":true,"href":"https:\/\/flycam-media.com\/en\/wp-json\/wp\/v2\/media\/190"}],"wp:attachment":[{"href":"https:\/\/flycam-media.com\/en\/wp-json\/wp\/v2\/media?parent=161"}],"curies":[{"name":"wp","href":"https:\/\/api.w.org\/{rel}","templated":true}]}}